{"id":7,"date":"2014-10-08T14:34:49","date_gmt":"2014-10-08T14:34:49","guid":{"rendered":"http:\/\/localhost\/UCREA\/wordpress\/?page_id=7"},"modified":"2023-03-24T18:52:43","modified_gmt":"2023-03-24T18:52:43","slug":"inicio","status":"publish","type":"page","link":"https:\/\/ucrea.com.mx\/","title":{"rendered":"INICIO"},"content":{"rendered":"\n\t\t<!-- MasterSlider -->\n\t\t<div id=\"P_MS69e750c779238\" class=\"master-slider-parent msl ms-parent-id-1\" style=\"max-width:800px;\">\n\n\t\t\t\n\t\t\t<!-- MasterSlider Main -->\n\t\t\t<div id=\"MS69e750c779238\" class=\"master-slider ms-skin-light-3\" >\n\t\t\t\t \t\t\t\t \n\t\t\t\t<div  class=\"ms-slide\" data-delay=\"3\" data-fill-mode=\"fill\"  >\n\t\t\t\t\t<img decoding=\"async\" src=\"https:\/\/ucrea.com.mx\/wp-content\/plugins\/master-slider\/public\/assets\/css\/blank.gif\" alt=\"\" title=\"\" data-src=\"https:\/\/ucrea.com.mx\/wp-content\/uploads\/2014\/10\/shutterstock_716115881-900x350.jpg\" \/>\n\n\n\t<div class=\"ms-thumb\" ><div class=\"ms-tab-context\"><div class=\"&quot;ms-tab-context&quot;\"><\/div><\/div>\n<\/div>\n\t\t\t\t<\/div>\n\t\t\t\t<div  class=\"ms-slide\" data-delay=\"3\" data-fill-mode=\"fill\"  >\n\t\t\t\t\t<img decoding=\"async\" src=\"https:\/\/ucrea.com.mx\/wp-content\/plugins\/master-slider\/public\/assets\/css\/blank.gif\" alt=\"\" title=\"\" data-src=\"https:\/\/ucrea.com.mx\/wp-content\/uploads\/2014\/10\/negocio.jpg\" \/>\n\n\n\t<div class=\"ms-thumb\" ><div class=\"ms-tab-context\"><div class=\"&quot;ms-tab-context&quot;\"><\/div><\/div>\n<\/div>\n\t\t\t\t<\/div>\n\t\t\t\t<div  class=\"ms-slide\" data-delay=\"3\" data-fill-mode=\"fill\"  >\n\t\t\t\t\t<img decoding=\"async\" src=\"https:\/\/ucrea.com.mx\/wp-content\/plugins\/master-slider\/public\/assets\/css\/blank.gif\" alt=\"\" title=\"\" data-src=\"https:\/\/ucrea.com.mx\/wp-content\/uploads\/2014\/10\/money.jpg\" \/>\n\n\n\t<div class=\"ms-thumb\" ><div class=\"ms-tab-context\"><div class=\"&quot;ms-tab-context&quot;\"><\/div><\/div>\n<\/div>\n\t\t\t\t<\/div>\n\t\t\t\t<div  class=\"ms-slide\" data-delay=\"3\" data-fill-mode=\"fill\"  >\n\t\t\t\t\t<img decoding=\"async\" src=\"https:\/\/ucrea.com.mx\/wp-content\/plugins\/master-slider\/public\/assets\/css\/blank.gif\" alt=\"\" title=\"\" data-src=\"https:\/\/ucrea.com.mx\/wp-content\/uploads\/2014\/10\/cambio-de-divisas-2.jpg\" \/>\n\n\n\t<div class=\"ms-thumb\" ><div class=\"ms-tab-context\"><div class=\"&quot;ms-tab-context&quot;\"><\/div><\/div>\n<\/div>\n\t\t\t\t<\/div>\n\n\t\t\t<\/div>\n\t\t\t<!-- END MasterSlider Main -->\n\n\t\t\t \n\t\t<\/div>\n\t\t<!-- END MasterSlider -->\n\n\t\t<script>\n\t\t(function ( $ ) {\n\t\t\t\"use strict\";\n\n\t\t\t$(function () {\n\t\t\t\tvar masterslider_9238 = new MasterSlider();\n\n\t\t\t\t\/\/ slider controls\n\t\t\t\tmasterslider_9238.control('arrows'     ,{ autohide:false, overVideo:true  });\t\t\t\tmasterslider_9238.control('bullets'    ,{ autohide:true, overVideo:true, dir:'h', align:'bottom' , margin:10  });\n\n\t\t\t\tmasterslider_9238.control('circletimer',{ autohide:false, overVideo:true, color:'#434343', radius:10, stroke:3   });\n\t\t\t\tmasterslider_9238.control('timebar'    ,{ autohide:false, overVideo:true, align:'bottom', color:'#FFFFFF'  , width:4 });\n\t\t\t\t\/\/ slider setup\n\t\t\t\tmasterslider_9238.setup(\"MS69e750c779238\", {\n\t\t\t\t\t\twidth           : 900,\n\t\t\t\t\t\theight          : 350,\n\t\t\t\t\t\tminHeight       : 0,\n\t\t\t\t\t\tspace           : 0,\n\t\t\t\t\t\tstart           : 1,\n\t\t\t\t\t\tgrabCursor      : true,\n\t\t\t\t\t\tswipe           : true,\n\t\t\t\t\t\tmouse           : true,\n\t\t\t\t\t\tlayout          : \"boxed\",\n\t\t\t\t\t\twheel           : false,\n\t\t\t\t\t\tautoplay        : true,\n\t\t\t\t\t\tinstantStartLayers:false,\n\t\t\t\t\t\tloop            : true,\n\t\t\t\t\t\tshuffle         : false,\n\t\t\t\t\t\tpreload         : 0,\n\t\t\t\t\t\theightLimit     : true,\n\t\t\t\t\t\tautoHeight      : true,\n\t\t\t\t\t\tsmoothHeight    : true,\n\t\t\t\t\t\tendPause        : false,\n\t\t\t\t\t\toverPause       : true,\n\t\t\t\t\t\tfillMode        : \"fill\",\n\t\t\t\t\t\tcenterControls  : true,\n\t\t\t\t\t\tstartOnAppear   : false,\n\t\t\t\t\t\tlayersMode      : \"center\",\n\t\t\t\t\t\thideLayers      : false,\n\t\t\t\t\t\tfullscreenMargin: 0,\n\t\t\t\t\t\tspeed           : 20,\n\t\t\t\t\t\tdir             : \"h\",\n\t\t\t\t\t\tparallaxMode    : 'swipe',\n\t\t\t\t\t\tview            : \"basic\"\n\t\t\t\t});\n\n\t\t\t\t\n\t\t\t\twindow.masterslider_instances = window.masterslider_instances || [];\n\t\t\t\twindow.masterslider_instances.push( masterslider_9238 );\n\t\t\t });\n\n\t\t})(jQuery);\n\t\t<\/script>\n\n\n<h1><span class=\"Estilo12\"><span class=\"Estilo15\"><strong>U<\/strong><span class=\"Estilo11\"><strong>ni\u00f3n de Cr\u00e9dito Allende, S.A. de C.V.<\/strong><\/span><\/span> <\/span><\/h1>\n<p style=\"text-align: justify;\"><span class=\"Estilo12\"><span class=\"Estilo11\">Es una instituci\u00f3n, autorizada y supervisada por la Comisi\u00f3n Nacional Bancaria y de Valores. Fue fundada en el a\u00f1o de 1993 teniendo como finalidad apoyar al sector productivo de la regi\u00f3n y a su vez impulsar su desarrollo socioecon\u00f3mico, brindando a nuestros asociados confiabilidad y transparencia en nuestras actividades.<\/span><\/span><strong><br \/>\n<\/strong><\/p>\n<table>\n<tbody>\n<tr>\n<td>\n<h4 style=\"text-align: center;\">UNIDAD ESPECIALIZADA DE ATENCION A USUARIOS (UNE):<\/h4>\n<\/td>\n<\/tr>\n<tr>\n<td>\n<h5 style=\"text-align: center;\"><strong>Titular de la UNE y Encargado Regional: H\u00e9ctor Hugo Mart\u00ednez Morales<\/strong><\/h5>\n<p style=\"text-align: center;\"><strong>Ubicaci\u00f3n: <\/strong>Guillermo prieto no. 113, colonia secci\u00f3n centro C.P. 67350<br \/>\n<strong>Alcald\u00eda\/Municipio:<\/strong> Allende,<br \/>\n<strong>Entidad federativa:<\/strong> Nuevo Le\u00f3n,<br \/>\n<strong>Referencia:<\/strong> A espaldas de la secundaria Prof. Pablo Livas entre calle Guadalupe Victoria y calle Venustiano Carranza<br \/>\n<strong>Correo(s) electr\u00f3nico(s) y tel\u00e9fono(s) del titular de la une:<\/strong> une@ucrea.com.mx 8262684105 ext. 112, 8262684172 ext. 104<br \/>\n<strong>Horario de atenci\u00f3n presencial: lunes a viernes:<\/strong> 09:00 &#8211; 13:30 horas; lunes a viernes: 15:30 &#8211; 18:00 horas;<br \/>\n<strong>Horario de atenci\u00f3n telef\u00f3nica: lunes a viernes:<\/strong> 09:00 &#8211; 13:30 horas; lunes a viernes: 15:30 &#8211; 18:00 horas;<br \/>\n<strong>Medios de recepci\u00f3n:<\/strong> correo electr\u00f3nico; une<br \/>\n<strong>Niveles de atenci\u00f3n:<\/strong> une<br \/>\n<strong>Medios de comunicaci\u00f3n electr\u00f3nica:<\/strong> P\u00e1gina web: ucrea.com.mx<\/p>\n<p>El plazo de respuesta a las consultas o reclamaciones no ser\u00e1 mayor a 30 d\u00edas h\u00e1biles, en cumplimiento al art\u00edculo 50 Bis de la Ley de Protecci\u00f3n y Defensa al Usuario de Servicios Financieros. En el caso de las aclaraciones el plazo no ser\u00e1 mayor a 45 d\u00edas naturales, en cumplimiento del art\u00edculo 23 de la Ley para la Transparencia y Ordenamiento de los Servicios Financieros.<strong style=\"font-size: inherit;\">\u00a0<\/strong><\/td>\n<\/tr>\n<\/tbody>\n<\/table>\n<table style=\"height: 108px;\" width=\"659\">\n<tbody>\n<tr>\n<td><strong>Ley de Uniones de Cr\u00e9dito, Articulo 2.<\/strong> \u00abEl Gobierno Federal y las entidades de la administraci\u00f3n p\u00fablica paraestatal no podr\u00e1n responsabilizarse ni garantizar el resultado de las operaciones que realicen las Uniones, as\u00ed como tampoco asumir responsabilidad alguna de las obligaciones contra\u00eddas con sus socios o terceros\u00bb<\/p>\n<p>Uni\u00f3n de Cr\u00e9dito Allende, S.A. de C.V., declara que para operar como uni\u00f3n de cr\u00e9dito cuenta con la autorizaci\u00f3n del Gobierno Federal conforme lo se\u00f1ala el art\u00edculo 14 de la Ley de Uniones de Cr\u00e9dito.<\/td>\n<\/tr>\n<\/tbody>\n<\/table>\n","protected":false},"excerpt":{"rendered":"<p>Uni\u00f3n de Cr\u00e9dito Allende, S.A. de C.V. Es una instituci\u00f3n, autorizada y supervisada por la Comisi\u00f3n Nacional Bancaria y de Valores. Fue fundada en el a\u00f1o de 1993 teniendo&#46;&#46;&#46;<\/p>\n","protected":false},"author":1,"featured_media":0,"parent":0,"menu_order":10,"comment_status":"closed","ping_status":"closed","template":"","meta":{"footnotes":""},"class_list":["post-7","page","type-page","status-publish","hentry"],"aioseo_notices":[],"_links":{"self":[{"href":"https:\/\/ucrea.com.mx\/index.php?rest_route=\/wp\/v2\/pages\/7","targetHints":{"allow":["GET"]}}],"collection":[{"href":"https:\/\/ucrea.com.mx\/index.php?rest_route=\/wp\/v2\/pages"}],"about":[{"href":"https:\/\/ucrea.com.mx\/index.php?rest_route=\/wp\/v2\/types\/page"}],"author":[{"embeddable":true,"href":"https:\/\/ucrea.com.mx\/index.php?rest_route=\/wp\/v2\/users\/1"}],"replies":[{"embeddable":true,"href":"https:\/\/ucrea.com.mx\/index.php?rest_route=%2Fwp%2Fv2%2Fcomments&post=7"}],"version-history":[{"count":45,"href":"https:\/\/ucrea.com.mx\/index.php?rest_route=\/wp\/v2\/pages\/7\/revisions"}],"predecessor-version":[{"id":899,"href":"https:\/\/ucrea.com.mx\/index.php?rest_route=\/wp\/v2\/pages\/7\/revisions\/899"}],"wp:attachment":[{"href":"https:\/\/ucrea.com.mx\/index.php?rest_route=%2Fwp%2Fv2%2Fmedia&parent=7"}],"curies":[{"name":"wp","href":"https:\/\/api.w.org\/{rel}","templated":true}]}}