{"id":592,"date":"2019-12-18T21:20:34","date_gmt":"2019-12-18T21:20:34","guid":{"rendered":"http:\/\/ucrea.com.mx\/?page_id=592"},"modified":"2026-03-12T18:12:05","modified_gmt":"2026-03-12T18:12:05","slug":"tasas-de-interes-2","status":"publish","type":"page","link":"https:\/\/ucrea.com.mx\/?page_id=592","title":{"rendered":"Tasas de inter\u00e9s &#8211; A"},"content":{"rendered":"<h3><strong>Tasa de inter\u00e9s<\/strong><\/h3>\n<p>Tasa de inter\u00e9s ordinaria variable anual TIIE de FONDEO a 1 d\u00eda + 7.30 puntos<\/p>\n<div style=\"font-size: 155%;\"><strong>6.94 + 7.30 = 14.24%<\/strong><\/div>\n<p><em>Fecha de C\u00e1lculo al 06 de Marzo de 2026<\/em><\/p>\n<h3><strong>Tasa de inter\u00e9s moratoria<\/strong><\/h3>\n<p>Inter\u00e9s moratorio 1.5 veces la tasa anual ordinaria variable.<\/p>\n<h3><strong>CAT<\/strong><\/h3>\n<p>*CAT Promedio (<span style=\"font-size: 155%; font-weight: bold;\">15.7%<\/span>) (Sin IVA) para cr\u00e9dito de $1,350,000 a 36 meses, para fines informativos y de comparaci\u00f3n.<\/p>\n<p><em>Fecha de c\u00e1lculo 06 de Marzo de 2026<\/em><\/p>\n<p><strong>CAT<\/strong>: \u201cEl Costo Anual Total de financiamiento expresado en t\u00e9rminos porcentuales anuales que, para fines informativos y de comparaci\u00f3n, incorpora la totalidad de los costos y gastos inherentes a los cr\u00e9ditos\u201d, como lo se\u00f1ala la Circular 21\/2009 de Banco de M\u00e9xico.<\/p>\n<p>El c\u00e1lculo de CAT es un promedio anualizado que puede variar de acuerdo a las condiciones de cada producto.<\/p>\n","protected":false},"excerpt":{"rendered":"<p>Tasa de inter\u00e9s Tasa de inter\u00e9s ordinaria variable anual TIIE de FONDEO a 1 d\u00eda + 7.30 puntos 6.94 + 7.30 = 14.24% Fecha de C\u00e1lculo al 06 de&#46;&#46;&#46;<\/p>\n","protected":false},"author":3,"featured_media":0,"parent":0,"menu_order":0,"comment_status":"closed","ping_status":"closed","template":"","meta":{"footnotes":""},"class_list":["post-592","page","type-page","status-publish","hentry"],"aioseo_notices":[],"_links":{"self":[{"href":"https:\/\/ucrea.com.mx\/index.php?rest_route=\/wp\/v2\/pages\/592","targetHints":{"allow":["GET"]}}],"collection":[{"href":"https:\/\/ucrea.com.mx\/index.php?rest_route=\/wp\/v2\/pages"}],"about":[{"href":"https:\/\/ucrea.com.mx\/index.php?rest_route=\/wp\/v2\/types\/page"}],"author":[{"embeddable":true,"href":"https:\/\/ucrea.com.mx\/index.php?rest_route=\/wp\/v2\/users\/3"}],"replies":[{"embeddable":true,"href":"https:\/\/ucrea.com.mx\/index.php?rest_route=%2Fwp%2Fv2%2Fcomments&post=592"}],"version-history":[{"count":18,"href":"https:\/\/ucrea.com.mx\/index.php?rest_route=\/wp\/v2\/pages\/592\/revisions"}],"predecessor-version":[{"id":1180,"href":"https:\/\/ucrea.com.mx\/index.php?rest_route=\/wp\/v2\/pages\/592\/revisions\/1180"}],"wp:attachment":[{"href":"https:\/\/ucrea.com.mx\/index.php?rest_route=%2Fwp%2Fv2%2Fmedia&parent=592"}],"curies":[{"name":"wp","href":"https:\/\/api.w.org\/{rel}","templated":true}]}}