{"id":487,"date":"2019-11-15T21:09:27","date_gmt":"2019-11-15T21:09:27","guid":{"rendered":"http:\/\/ucrea.com.mx\/?page_id=487"},"modified":"2025-02-01T02:48:48","modified_gmt":"2025-02-01T02:48:48","slug":"contrato-de-apertura-de-credito-simple-con-garantia-hipotecaria-y-prendaria-sin-la-transmision-de-la-posesion","status":"publish","type":"page","link":"https:\/\/ucrea.com.mx\/?page_id=487","title":{"rendered":"CONTRATO DE APERTURA DE CREDITO SIMPLE CON GARANTIA HIPOTECARIA Y PRENDARIA SIN LA TRANSMISION DE LA POSESION"},"content":{"rendered":"<h2>CONTRATO DE APERTURA DE CREDITO SIMPLE CON GARANTIA HIPOTECARIA Y PRENDARIA SIN LA TRANSMISION DE LA POSESION<\/h2>\n<h2>RECA: 1240-439-021343\/07-00091-0125<\/h2>\n<p>En<strong> Uni\u00f3n de Cr\u00e9dito Allende S.A. de C.V.<\/strong> le ofrecemos cr\u00e9dito en Moneda Nacional y en D\u00f3lares, a corto plazo para aquellos proyectos cercanos a cumplir, as\u00ed como cr\u00e9ditos a largo plazo.<\/p>\n<p><a href=\"http:\/\/ucrea.com.mx\/wp-content\/uploads\/2014\/10\/creditopsd.png\"><img loading=\"lazy\" decoding=\"async\" class=\"alignleft wp-image-198\" src=\"http:\/\/ucrea.com.mx\/wp-content\/uploads\/2014\/10\/creditopsd-300x216.png\" alt=\"creditopsd\" width=\"473\" height=\"341\" srcset=\"https:\/\/ucrea.com.mx\/wp-content\/uploads\/2014\/10\/creditopsd-300x216.png 300w, https:\/\/ucrea.com.mx\/wp-content\/uploads\/2014\/10\/creditopsd-1024x739.png 1024w, https:\/\/ucrea.com.mx\/wp-content\/uploads\/2014\/10\/creditopsd.png 1800w\" sizes=\"auto, (max-width: 473px) 100vw, 473px\" \/><\/a><\/p>\n<p style=\"text-align: justify;\">\u00a0<\/p>\n<p style=\"text-align: justify;\"><span style=\"color: #000000;\"><strong>UCREA<\/strong> apoya a las empresas\u00bbPYMES\u00bb<\/span><\/p>\n<p style=\"text-align: justify;\">Contamos con asesor\u00eda personalizada para el an\u00e1lisis de su cr\u00e9dito, tr\u00e1mites \u00e1giles y bajas tasas de inter\u00e9s.<\/p>\n<p style=\"text-align: justify;\"><strong> Requisitos:<\/strong><\/p>\n<ul>\n<li style=\"text-align: left;\"><a href=\"http:\/\/ucrea.com.mx\/wp-content\/uploads\/2024\/11\/3-REQUISITOS-CREDITO-PERSONAS-FISICAS-SIMPLE-GARANTIA-HIPOTECARIA-Y-PRENDARIA-SIN-LA-TRANSMISION-DE-LA-POSESION.pdf\" target=\"_blank\" rel=\"noopener noreferrer\">Requisitos para Personas F\u00edsicas<\/a><\/li>\n<li style=\"text-align: left;\"><a href=\"http:\/\/ucrea.com.mx\/wp-content\/uploads\/2024\/11\/3-REQUISITOS-CREDITO-PERSONAS-MORALES-SIMPLE-GARANTIA-HIPOTECARIA-Y-PRENDARIA-SIN-LA-TRANSMISION-DE-LA-POSESION.pdf\" target=\"_blank\" rel=\"noopener noreferrer\">Requisitos para Personas Morales<\/a><\/li>\n<\/ul>\n<p><span style=\"color: #000000;\"><a style=\"color: #000000;\" href=\"http:\/\/ucrea.com.mx\/?page_id=520\"><strong> <span style=\"color: #666666;\">Gastos y comisiones<\/span><\/strong><\/a><\/span><\/p>\n<p><span style=\"color: #000000;\"><a style=\"color: #000000;\" href=\"http:\/\/ucrea.com.mx\/?page_id=592\"><strong> <span style=\"color: #666666;\">CAT y Tasa de Inter\u00e9s<\/span><\/strong><\/a><\/span><\/p>\n\n\n<h3 style=\"text-align: left;\">Leyendas de advertencia:<\/h3>\n<ul>\n<li style=\"text-align: justify;\">Al ser tu cr\u00e9dito de tasa variable, los intereses pueden aumentar.<\/li>\n<li style=\"text-align: justify;\">Incumplir tus obligaciones te puede generar Comisiones e intereses moratorios.<\/li>\n<li style=\"text-align: justify;\">Contratar cr\u00e9ditos que excedan tu capacidad de pago afecta tu historial crediticio.<\/li>\n<li style=\"text-align: justify;\">El avalista, obligado solidario o coacreditado responder\u00e1 como obligado principal por el total del pago frente a la Entidad Financiera.<\/li>\n<li style=\"text-align: justify;\">Los montos a pagar de este cr\u00e9dito var\u00edan conforme al comportamiento de la moneda o \u00edndice de referencia.<\/li>\n<\/ul>\n","protected":false},"excerpt":{"rendered":"<p>CONTRATO DE APERTURA DE CREDITO SIMPLE CON GARANTIA HIPOTECARIA Y PRENDARIA SIN LA TRANSMISION DE LA POSESION RECA: 1240-439-021343\/07-00091-0125 En Uni\u00f3n de Cr\u00e9dito Allende S.A. de C.V. le ofrecemos&#46;&#46;&#46;<\/p>\n","protected":false},"author":3,"featured_media":0,"parent":0,"menu_order":0,"comment_status":"closed","ping_status":"closed","template":"","meta":{"footnotes":""},"class_list":["post-487","page","type-page","status-publish","hentry"],"aioseo_notices":[],"_links":{"self":[{"href":"https:\/\/ucrea.com.mx\/index.php?rest_route=\/wp\/v2\/pages\/487","targetHints":{"allow":["GET"]}}],"collection":[{"href":"https:\/\/ucrea.com.mx\/index.php?rest_route=\/wp\/v2\/pages"}],"about":[{"href":"https:\/\/ucrea.com.mx\/index.php?rest_route=\/wp\/v2\/types\/page"}],"author":[{"embeddable":true,"href":"https:\/\/ucrea.com.mx\/index.php?rest_route=\/wp\/v2\/users\/3"}],"replies":[{"embeddable":true,"href":"https:\/\/ucrea.com.mx\/index.php?rest_route=%2Fwp%2Fv2%2Fcomments&post=487"}],"version-history":[{"count":18,"href":"https:\/\/ucrea.com.mx\/index.php?rest_route=\/wp\/v2\/pages\/487\/revisions"}],"predecessor-version":[{"id":1107,"href":"https:\/\/ucrea.com.mx\/index.php?rest_route=\/wp\/v2\/pages\/487\/revisions\/1107"}],"wp:attachment":[{"href":"https:\/\/ucrea.com.mx\/index.php?rest_route=%2Fwp%2Fv2%2Fmedia&parent=487"}],"curies":[{"name":"wp","href":"https:\/\/api.w.org\/{rel}","templated":true}]}}