{"id":46,"date":"2014-10-09T02:41:59","date_gmt":"2014-10-09T02:41:59","guid":{"rendered":"http:\/\/localhost\/UCREA\/wordpress\/?page_id=46"},"modified":"2018-07-09T17:25:36","modified_gmt":"2018-07-09T17:25:36","slug":"nosotros","status":"publish","type":"page","link":"https:\/\/ucrea.com.mx\/?page_id=46","title":{"rendered":"NOSOTROS"},"content":{"rendered":"<p><span class=\"Estilo24\"><span class=\"Estilo27\"><span class=\"Estilo29\"><strong>Uni\u00f3n de Cr\u00e9dito Allende S.A. de C.V.<\/strong>\u00a0es una Sociedad Constituida desde el 08 de Junio de 1993, bajo las Normas establecidas por la Ley de Uniones de Cr\u00e9dito, autorizada por la COMISION NACIONAL BANCARIA Y DE VALORES (CNBV), oficio n\u00famero 601-II-24776 exp. 721.1 (U-657)\/1 de fecha 24 de mayo de 1993, y calificada por FITCH RATINGS MEXICO en Grado de Inversi\u00f3n \u201cBBB-(MEX)\u201d desde Febrero del 2018.<\/span><\/span><\/span><!--nextpage--><\/p>\n<p><img loading=\"lazy\" decoding=\"async\" class=\" wp-image-50 aligncenter\" src=\"http:\/\/ucrea.com.mx\/wp-content\/uploads\/2014\/10\/nosotros.png\" alt=\"nosotros\" width=\"266\" height=\"246\" \/><\/p>\n<h2><strong>Misi\u00f3n<\/strong><\/h2>\n<p style=\"text-align: justify;\">Apoyar financieramente al sector empresarial de la regi\u00f3n, brindando atenci\u00f3n profesional, oportuna, eficaz y personalizada, ofreciendo las mas competitivas y atractivas opciones de cr\u00e9dito e inversi\u00f3n productiva, para que los esfuerzos se orienten a la creaci\u00f3n de fuentes de trabajo que impulsen de manera continua el crecimiento y desarrollo socioecon\u00f3mico regional.<\/p>\n<p><!--nextpage--><\/p>\n<h2><img loading=\"lazy\" decoding=\"async\" class=\" wp-image-156 aligncenter\" src=\"http:\/\/ucrea.com.mx\/wp-content\/uploads\/2014\/10\/vision.jpg\" alt=\"vision\" width=\"309\" height=\"205\" \/><\/h2>\n<h2><\/h2>\n<p>&nbsp;<\/p>\n<h2><strong>Visi\u00f3n<\/strong><\/h2>\n<p style=\"text-align: justify;\">Ser una Instituci\u00f3n en la cual participe un grupo importante de socios, buscando ser un efectivo soporte financiero del sector empresarial, para contribuir al desarrollo econ\u00f3mico y social de la regi\u00f3n, contando con un equipo humano y t\u00e9cnico de excelencia para cumplir sus objetivos.<\/p>\n<p><!--nextpage--><\/p>\n<p>&nbsp;<\/p>\n<p>&nbsp;<\/p>\n<p><span class=\"Estilo24\"><span class=\"Estilo27\"><span class=\"Estilo29\">\u00a0<\/span><\/span><\/span><\/p>\n","protected":false},"excerpt":{"rendered":"<p>Uni\u00f3n de Cr\u00e9dito Allende S.A. de C.V.\u00a0es una Sociedad Constituida desde el 08 de Junio de 1993, bajo las Normas establecidas por la Ley de Uniones de Cr\u00e9dito, autorizada&#46;&#46;&#46;<\/p>\n","protected":false},"author":1,"featured_media":0,"parent":0,"menu_order":20,"comment_status":"closed","ping_status":"closed","template":"","meta":{"footnotes":""},"class_list":["post-46","page","type-page","status-publish","hentry"],"aioseo_notices":[],"_links":{"self":[{"href":"https:\/\/ucrea.com.mx\/index.php?rest_route=\/wp\/v2\/pages\/46","targetHints":{"allow":["GET"]}}],"collection":[{"href":"https:\/\/ucrea.com.mx\/index.php?rest_route=\/wp\/v2\/pages"}],"about":[{"href":"https:\/\/ucrea.com.mx\/index.php?rest_route=\/wp\/v2\/types\/page"}],"author":[{"embeddable":true,"href":"https:\/\/ucrea.com.mx\/index.php?rest_route=\/wp\/v2\/users\/1"}],"replies":[{"embeddable":true,"href":"https:\/\/ucrea.com.mx\/index.php?rest_route=%2Fwp%2Fv2%2Fcomments&post=46"}],"version-history":[{"count":22,"href":"https:\/\/ucrea.com.mx\/index.php?rest_route=\/wp\/v2\/pages\/46\/revisions"}],"predecessor-version":[{"id":449,"href":"https:\/\/ucrea.com.mx\/index.php?rest_route=\/wp\/v2\/pages\/46\/revisions\/449"}],"wp:attachment":[{"href":"https:\/\/ucrea.com.mx\/index.php?rest_route=%2Fwp%2Fv2%2Fmedia&parent=46"}],"curies":[{"name":"wp","href":"https:\/\/api.w.org\/{rel}","templated":true}]}}