{"id":419,"date":"2018-05-30T16:42:24","date_gmt":"2018-05-30T16:42:24","guid":{"rendered":"http:\/\/ucreacom.wwwsrc10.supercp.com\/?page_id=419"},"modified":"2026-04-15T15:54:32","modified_gmt":"2026-04-15T15:54:32","slug":"buro-de-entidades-financieras-2","status":"publish","type":"page","link":"https:\/\/ucrea.com.mx\/?page_id=419","title":{"rendered":"Bur\u00f3 de Entidades Financieras"},"content":{"rendered":"\n<figure class=\"wp-block-image\"><a href=\"http:\/\/ucrea.com.mx\/wp-content\/uploads\/2018\/05\/Imagen1.jpg\"><img loading=\"lazy\" decoding=\"async\" width=\"1667\" height=\"352\" src=\"http:\/\/ucrea.com.mx\/wp-content\/uploads\/2018\/05\/Imagen1.jpg\" alt=\"\" class=\"wp-image-425\" srcset=\"https:\/\/ucrea.com.mx\/wp-content\/uploads\/2018\/05\/Imagen1.jpg 1667w, https:\/\/ucrea.com.mx\/wp-content\/uploads\/2018\/05\/Imagen1-300x63.jpg 300w, https:\/\/ucrea.com.mx\/wp-content\/uploads\/2018\/05\/Imagen1-768x162.jpg 768w, https:\/\/ucrea.com.mx\/wp-content\/uploads\/2018\/05\/Imagen1-1024x216.jpg 1024w\" sizes=\"auto, (max-width: 1667px) 100vw, 1667px\" \/><\/a><\/figure>\n\n\n\n<p><\/p>\n\n\n\n<p>Es una herramienta de consulta y difusi\u00f3n con la que podr\u00e1s conocer los productos que ofrecen las entidades financieras, sus comisiones y tasas, las reclamaciones de los usuarios, las pr\u00e1cticas no sanas en que incurren, las sanciones administrativas que les han impuesto, las cl\u00e1usulas abusivas de sus contratos y otra informaci\u00f3n que resulte relevante para informarte sobre su desempe\u00f1o.<\/p>\n\n\n\n<p>Con el Bur\u00f3 de Entidades Financieras, se lograr\u00e1 saber qui\u00e9n es qui\u00e9n en bancos, seguros, sociedades financieras de objeto m\u00faltiple, cajas de ahorro, afores, entre otras entidades.<\/p>\n\n\n\n<p>Con ello, podr\u00e1s comparar y evaluar a las entidades financieras, sus productos y servicios y tendr\u00e1s mayores elementos para elegir lo que m\u00e1s te convenga.<\/p>\n\n\n\n<p>Esta informaci\u00f3n te ser\u00e1 \u00fatil para elegir un producto financiero y tambi\u00e9n para conocer y usar mejor los que ya tienes.<\/p>\n\n\n\n<p>Este Bur\u00f3 de Entidades Financieras, es una herramienta que puede contribuir al crecimiento econ\u00f3mico del pa\u00eds, al promover la competencia entre las instituciones financieras; que impulsar\u00e1 la transparencia al revelar informaci\u00f3n a los usuarios sobre el desempe\u00f1o de \u00e9stas y los productos que ofrecen y que va a facilitar un manejo responsable de los productos y servicios financieros al conocer a detalle sus caracter\u00edsticas.<\/p>\n\n\n\n<p>Lo anterior, podr\u00e1 derivar en un mayor bienestar social, porque al conjuntar en un solo espacio tan diversa informaci\u00f3n del sistema financiero, el usuario tendr\u00e1 m\u00e1s elementos para optimizar su presupuesto, para mejorar sus finanzas personales, para utilizar correctamente los cr\u00e9ditos que fortalecer\u00e1n su econom\u00eda y obtener los seguros que la protejan, entre otros aspectos.<\/p>\n\n\n\n<p><strong><span style=\"color: #000000;\"><a href=\"http:\/\/ucrea.com.mx\/wp-content\/uploads\/2026\/04\/PERIODO-ENERO-DICIEMBRE-2025.pdf\" target=\"_blank\" rel=\"noopener\" title=\"\">Informaci\u00f3n de Uni\u00f3n de Cr\u00e9dito Allende S.A. de C.V.<\/a><\/span><\/strong><span style=\"text-decoration: underline;\"><strong><span style=\"color: #000000;\"><br><\/span><\/strong><\/span><strong><span style=\"color: #000000;\"><a href=\"http:\/\/ucrea.com.mx\/wp-content\/uploads\/2025\/07\/PERIODO-ENERO-MARZO-2025.pdf\"><span style=\"color: #000000;\"><span style=\"text-decoration: underline;\">Notas a los Estados Financieros al 31 de Marzo de 2025.<\/span><\/span><\/a><\/span><\/strong><span style=\"text-decoration: underline;\"><strong><span style=\"color: #000000;\"><br><\/span><\/strong><\/span><span style=\"color: #000000;\"><strong><a style=\"color: #000000;\" href=\"https:\/\/ucrea.com.mx\/wp-content\/uploads\/2025\/03\/PUBLICACION_ESTADOS_FINANCIEROS_DICIEMBRE_2024.xlsx\"><span style=\"text-decoration: underline;\">Balance General al 31 de Diciembre de 2024.<\/span><\/a><\/strong><\/span><\/p>\n\n\n\n<p><em>\u201cLa informaci\u00f3n contenida en esta p\u00e1gina corresponde exclusivamente a Uni\u00f3n de Cr\u00e9dito Allende S.A. de C.V. Si usted desea conocer informaci\u00f3n de todo el sector financiero consulte <a href=\"http:\/\/www.buro.gob.mx\">https:\/\/www.buro.gob.mx\/<\/a>\u201d<\/em><\/p>\n\n\n","protected":false},"excerpt":{"rendered":"<p>Es una herramienta de consulta y difusi\u00f3n con la que podr\u00e1s conocer los productos que ofrecen las entidades financieras, sus comisiones y tasas, las reclamaciones de los usuarios, las&#46;&#46;&#46;<\/p>\n","protected":false},"author":3,"featured_media":0,"parent":0,"menu_order":0,"comment_status":"closed","ping_status":"closed","template":"","meta":{"footnotes":""},"class_list":["post-419","page","type-page","status-publish","hentry"],"aioseo_notices":[],"_links":{"self":[{"href":"https:\/\/ucrea.com.mx\/index.php?rest_route=\/wp\/v2\/pages\/419","targetHints":{"allow":["GET"]}}],"collection":[{"href":"https:\/\/ucrea.com.mx\/index.php?rest_route=\/wp\/v2\/pages"}],"about":[{"href":"https:\/\/ucrea.com.mx\/index.php?rest_route=\/wp\/v2\/types\/page"}],"author":[{"embeddable":true,"href":"https:\/\/ucrea.com.mx\/index.php?rest_route=\/wp\/v2\/users\/3"}],"replies":[{"embeddable":true,"href":"https:\/\/ucrea.com.mx\/index.php?rest_route=%2Fwp%2Fv2%2Fcomments&post=419"}],"version-history":[{"count":34,"href":"https:\/\/ucrea.com.mx\/index.php?rest_route=\/wp\/v2\/pages\/419\/revisions"}],"predecessor-version":[{"id":1191,"href":"https:\/\/ucrea.com.mx\/index.php?rest_route=\/wp\/v2\/pages\/419\/revisions\/1191"}],"wp:attachment":[{"href":"https:\/\/ucrea.com.mx\/index.php?rest_route=%2Fwp%2Fv2%2Fmedia&parent=419"}],"curies":[{"name":"wp","href":"https:\/\/api.w.org\/{rel}","templated":true}]}}