{"id":236,"date":"2014-10-30T00:01:37","date_gmt":"2014-10-30T00:01:37","guid":{"rendered":"http:\/\/localhost\/UCREA\/wordpress\/?page_id=236"},"modified":"2023-03-24T18:27:49","modified_gmt":"2023-03-24T18:27:49","slug":"unidad-especializada-une","status":"publish","type":"page","link":"https:\/\/ucrea.com.mx\/?page_id=236","title":{"rendered":"UNIDAD ESPECIALIZADA (UNE)"},"content":{"rendered":"<table class=\" alignleft\" style=\"height: 657px; width: 100%;\" width=\"496\">\n<tbody>\n<tr style=\"height: 143px;\">\n<td style=\"height: 143px;\">\n<h2 style=\"text-align: center;\">UNIDAD ESPECIALIZADA DE ATENCION A USUARIOS (UNE)<\/h2>\n<\/td>\n<\/tr>\n<tr style=\"height: 400px;\">\n<td style=\"text-align: left; height: 400px;\">\n<h5 style=\"text-align: center;\"><strong>Titular de la UNE y Encargado Regional: H\u00e9ctor Hugo Mart\u00ednez Morales<\/strong><\/h5>\n<p style=\"text-align: center;\"><strong>Ubicaci\u00f3n: <\/strong>Guillermo prieto no. 113, colonia secci\u00f3n centro C.P. 67350<br \/><strong>Alcald\u00eda\/Municipio:<\/strong> Allende,<br \/><strong>Entidad federativa:<\/strong> Nuevo Le\u00f3n,<br \/><strong>Referencia:<\/strong> A espaldas de la secundaria Prof. Pablo Livas entre calle Guadalupe Victoria y calle Venustiano Carranza<br \/><strong>Correo(s) electr\u00f3nico(s) y tel\u00e9fono(s) del titular de la une:<\/strong> une@ucrea.com.mx 8262684105 ext. 112, 8262684172 ext. 104<br \/><strong>Horario de atenci\u00f3n presencial: lunes a viernes:<\/strong> 09:00 &#8211; 13:30 horas; lunes a viernes: 15:30 &#8211; 18:00 horas;<br \/><strong>Horario de atenci\u00f3n telef\u00f3nica: lunes a viernes:<\/strong> 09:00 &#8211; 13:30 horas; lunes a viernes: 15:30 &#8211; 18:00 horas;<br \/><strong>Medios de recepci\u00f3n:<\/strong> correo electr\u00f3nico; une<br \/><strong>Niveles de atenci\u00f3n:<\/strong> une<br \/><strong>Medios de comunicaci\u00f3n electr\u00f3nica:<\/strong> P\u00e1gina web: ucrea.com.mx<br \/><br \/>El plazo de respuesta a las consultas o reclamaciones no ser\u00e1 mayor a 30 d\u00edas h\u00e1biles, en cumplimiento al art\u00edculo 50 Bis de la Ley de Protecci\u00f3n y Defensa al Usuario de Servicios Financieros. En el caso de las aclaraciones el plazo no ser\u00e1 mayor a 45 d\u00edas naturales, en cumplimiento del art\u00edculo 23 de la Ley para la Transparencia y Ordenamiento de los Servicios Financieros.<strong style=\"font-size: inherit;\">\u00a0<\/strong><\/p>\n<\/td>\n<\/tr>\n<\/tbody>\n<\/table>\n<p>\u00a0<\/p>\n\n","protected":false},"excerpt":{"rendered":"<p>UNIDAD ESPECIALIZADA DE ATENCION A USUARIOS (UNE) Titular de la UNE y Encargado Regional: H\u00e9ctor Hugo Mart\u00ednez Morales Ubicaci\u00f3n: Guillermo prieto no. 113, colonia secci\u00f3n centro C.P. 67350Alcald\u00eda\/Municipio: Allende,Entidad&#46;&#46;&#46;<\/p>\n","protected":false},"author":1,"featured_media":0,"parent":0,"menu_order":86,"comment_status":"closed","ping_status":"closed","template":"","meta":{"footnotes":""},"class_list":["post-236","page","type-page","status-publish","hentry"],"aioseo_notices":[],"_links":{"self":[{"href":"https:\/\/ucrea.com.mx\/index.php?rest_route=\/wp\/v2\/pages\/236","targetHints":{"allow":["GET"]}}],"collection":[{"href":"https:\/\/ucrea.com.mx\/index.php?rest_route=\/wp\/v2\/pages"}],"about":[{"href":"https:\/\/ucrea.com.mx\/index.php?rest_route=\/wp\/v2\/types\/page"}],"author":[{"embeddable":true,"href":"https:\/\/ucrea.com.mx\/index.php?rest_route=\/wp\/v2\/users\/1"}],"replies":[{"embeddable":true,"href":"https:\/\/ucrea.com.mx\/index.php?rest_route=%2Fwp%2Fv2%2Fcomments&post=236"}],"version-history":[{"count":41,"href":"https:\/\/ucrea.com.mx\/index.php?rest_route=\/wp\/v2\/pages\/236\/revisions"}],"predecessor-version":[{"id":874,"href":"https:\/\/ucrea.com.mx\/index.php?rest_route=\/wp\/v2\/pages\/236\/revisions\/874"}],"wp:attachment":[{"href":"https:\/\/ucrea.com.mx\/index.php?rest_route=%2Fwp%2Fv2%2Fmedia&parent=236"}],"curies":[{"name":"wp","href":"https:\/\/api.w.org\/{rel}","templated":true}]}}