{"id":115,"date":"2014-10-12T19:51:55","date_gmt":"2014-10-12T19:51:55","guid":{"rendered":"http:\/\/localhost\/UCREA\/wordpress\/?page_id=115"},"modified":"2014-12-28T05:01:39","modified_gmt":"2014-12-28T05:01:39","slug":"allende","status":"publish","type":"page","link":"https:\/\/ucrea.com.mx\/?page_id=115","title":{"rendered":"ALLENDE"},"content":{"rendered":"<p><strong>MATRIZ\u00a0ALLENDE<\/strong><\/p>\n[ready_google_map id=&#8217;1&#8242;]\n<p>&nbsp;<\/p>\n<p>Oficina Matriz\u00a0en \u00a0Allende, Nuevo Le\u00f3n:<\/p>\n<p><span class=\"Estilo12\">Guillermo Prieto # 113 Ote.<\/span><\/p>\n<p><span class=\"Estilo12\">Colonia Centro<\/span><\/p>\n<p><span class=\"Estilo12\"> Allende, Nuevo Le\u00f3n <\/span><\/p>\n<p><span class=\"Estilo12\">C.P. 67350 <\/span><\/p>\n<p><span class=\"Estilo12\">Nuestros tel\u00e9fonos y fax son:<\/span><\/p>\n<ul>\n<li><span class=\"Estilo12\">(826) 268-41-05<\/span><\/li>\n<li><span class=\"Estilo12\">(826) 268-41-72<\/span><\/li>\n<li><span class=\"Estilo12\">(826) 268-41-27<\/span><\/li>\n<\/ul>\n<p>Correo Electr\u00f3nico:<\/p>\n<p>contacto@ucrea.com.mx<\/p>\n","protected":false},"excerpt":{"rendered":"<p>MATRIZ\u00a0ALLENDE [ready_google_map id=&#8217;1&#8242;] &nbsp; Oficina Matriz\u00a0en \u00a0Allende, Nuevo Le\u00f3n: Guillermo Prieto # 113 Ote. Colonia Centro Allende, Nuevo Le\u00f3n C.P. 67350 Nuestros tel\u00e9fonos y fax son: (826) 268-41-05 (826)&#46;&#46;&#46;<\/p>\n","protected":false},"author":1,"featured_media":0,"parent":99,"menu_order":70,"comment_status":"closed","ping_status":"open","template":"","meta":{"footnotes":""},"class_list":["post-115","page","type-page","status-publish","hentry"],"aioseo_notices":[],"_links":{"self":[{"href":"https:\/\/ucrea.com.mx\/index.php?rest_route=\/wp\/v2\/pages\/115","targetHints":{"allow":["GET"]}}],"collection":[{"href":"https:\/\/ucrea.com.mx\/index.php?rest_route=\/wp\/v2\/pages"}],"about":[{"href":"https:\/\/ucrea.com.mx\/index.php?rest_route=\/wp\/v2\/types\/page"}],"author":[{"embeddable":true,"href":"https:\/\/ucrea.com.mx\/index.php?rest_route=\/wp\/v2\/users\/1"}],"replies":[{"embeddable":true,"href":"https:\/\/ucrea.com.mx\/index.php?rest_route=%2Fwp%2Fv2%2Fcomments&post=115"}],"version-history":[{"count":12,"href":"https:\/\/ucrea.com.mx\/index.php?rest_route=\/wp\/v2\/pages\/115\/revisions"}],"predecessor-version":[{"id":285,"href":"https:\/\/ucrea.com.mx\/index.php?rest_route=\/wp\/v2\/pages\/115\/revisions\/285"}],"up":[{"embeddable":true,"href":"https:\/\/ucrea.com.mx\/index.php?rest_route=\/wp\/v2\/pages\/99"}],"wp:attachment":[{"href":"https:\/\/ucrea.com.mx\/index.php?rest_route=%2Fwp%2Fv2%2Fmedia&parent=115"}],"curies":[{"name":"wp","href":"https:\/\/api.w.org\/{rel}","templated":true}]}}